{"id":300,"date":"2017-07-04T21:25:33","date_gmt":"2017-07-04T21:25:33","guid":{"rendered":"https:\/\/montessoridelbosque.com\/en\/?page_id=300"},"modified":"2018-09-12T14:49:35","modified_gmt":"2018-09-12T14:49:35","slug":"recursos","status":"publish","type":"page","link":"https:\/\/montessoridelbosque.com\/en\/recursos\/","title":{"rendered":"Recursos"},"content":{"rendered":"<div class=\"wpb-content-wrapper\"><p>[vc_row css_animation=&#8221;&#8221; row_type=&#8221;row&#8221; use_row_as_full_screen_section=&#8221;no&#8221; type=&#8221;full_width&#8221; angled_section=&#8221;no&#8221; text_align=&#8221;left&#8221; background_image_as_pattern=&#8221;without_pattern&#8221;][vc_column][vc_column_text]<\/p>\n<h2><a href=\"https:\/\/montessoridelbosque.com\/en\/avisos\/\">Avisos<\/a>\u00a0|\u00a0<a href=\"https:\/\/montessoridelbosque.com\/en\/calendario\/\">Calendario\u00a0<\/a>|\u00a0<a href=\"https:\/\/montessoridelbosque.com\/en\/menu\/\">Men\u00fa\u00a0<\/a>|\u00a0<a href=\"https:\/\/montessoridelbosque.com\/en\/boletin\/\">Bolet\u00edn\u00a0<\/a>|\u00a0<a href=\"https:\/\/montessoridelbosque.com\/en\/galeria-2\/\">Galer\u00eda\u00a0<\/a>|\u00a0<span style=\"color: #ff0000;\"><a style=\"color: #ff0000;\" href=\"https:\/\/montessoridelbosque.com\/en\/recursos\/\">Recursos<\/a><\/span><\/h2>\n<p>[\/vc_column_text][vc_separator type=&#8221;normal&#8221; up=&#8221;10&#8243; down=&#8221;10&#8243;][\/vc_column][\/vc_row][vc_row css_animation=&#8221;&#8221; row_type=&#8221;row&#8221; use_row_as_full_screen_section=&#8221;no&#8221; type=&#8221;grid&#8221; angled_section=&#8221;no&#8221; text_align=&#8221;center&#8221; background_image_as_pattern=&#8221;without_pattern&#8221;][vc_column width=&#8221;1\/6&#8243;][\/vc_column][vc_column width=&#8221;2\/3&#8243;][vc_empty_space height=&#8221;20&#8243;][vc_column_text]<\/p>\n<h1 style=\"text-align: center;\">Recursos<\/h1>\n<p>[\/vc_column_text][vc_empty_space height=&#8221;10&#8243;][vc_column_text]<\/p>\n<p>ALIMENTACI\u00d3N<br \/>\nAlgunos padres nos han comentado que les gustar\u00eda saber m\u00e1s sobre la alimetaci\u00f3n de sus peque\u00f1os en la primera infancia.<br \/>\nA continuaci\u00f3n pueden encontrar una gu\u00eda que se ha editado recientemente y ha sido escrita por profesionales de la pediatr\u00eda, pedagog\u00eda, diet\u00e9tica y nuestrici\u00f3n. Esperamos que sea de su utilidad y les pueda ayudar a la hora de preparar los alimentos que comparten los ni\u00f1os de Comunidad Infantil y Casa de Ni\u00f1os.<br \/>\n<a href=\"http:\/\/salutweb.gencat.cat\/web\/.content\/home\/ambits_tematics\/per_perfils\/centres_educatius\/menus_escolars\/programa_revisio_programacions_menus_escolars_catalunya_preme\/documents\/arxius\/alimentacion_0_3_es.pdf\" target=\"_blank\" rel=\"noopener noreferrer\">Gu\u00eda de alimentaci\u00f3n infantil en la primera infancia<\/a>.<br \/>\nCualquier duda o sugerencia estamos a su disposi\u00f3n.<br \/>\nGracias[\/vc_column_text][vc_empty_space height=&#8221;10&#8243;][vc_single_image image=&#8221;56&#8243; img_size=&#8221;full&#8221; qode_css_animation=&#8221;&#8221;][vc_empty_space height=&#8221;20&#8243;][\/vc_column][vc_column width=&#8221;1\/6&#8243;][\/vc_column][\/vc_row]<\/p>\n<\/div>","protected":false},"excerpt":{"rendered":"<p>[vc_row css_animation=&#8221;&#8221; row_type=&#8221;row&#8221; use_row_as_full_screen_section=&#8221;no&#8221; type=&#8221;full_width&#8221; angled_section=&#8221;no&#8221; text_align=&#8221;left&#8221; background_image_as_pattern=&#8221;without_pattern&#8221;][vc_column][vc_column_text] Avisos\u00a0|\u00a0Calendario\u00a0|\u00a0Men\u00fa\u00a0|\u00a0Bolet\u00edn\u00a0|\u00a0Galer\u00eda\u00a0|\u00a0Recursos [\/vc_column_text][vc_separator type=&#8221;normal&#8221; up=&#8221;10&#8243; down=&#8221;10&#8243;][\/vc_column][\/vc_row][vc_row css_animation=&#8221;&#8221; row_type=&#8221;row&#8221; use_row_as_full_screen_section=&#8221;no&#8221; type=&#8221;grid&#8221; angled_section=&#8221;no&#8221; text_align=&#8221;center&#8221; background_image_as_pattern=&#8221;without_pattern&#8221;][vc_column width=&#8221;1\/6&#8243;][\/vc_column][vc_column width=&#8221;2\/3&#8243;][vc_empty_space height=&#8221;20&#8243;][vc_column_text] Recursos [\/vc_column_text][vc_empty_space height=&#8221;10&#8243;][vc_column_text] ALIMENTACI\u00d3N Algunos padres nos han comentado que les gustar\u00eda saber m\u00e1s sobre la alimetaci\u00f3n de sus peque\u00f1os en la&#8230;<\/p>\n","protected":false},"author":1,"featured_media":0,"parent":0,"menu_order":0,"comment_status":"closed","ping_status":"closed","template":"","meta":{"footnotes":""},"class_list":["post-300","page","type-page","status-publish","hentry"],"yoast_head":"<!-- This site is optimized with the Yoast SEO plugin v27.2 - https:\/\/yoast.com\/product\/yoast-seo-wordpress\/ -->\n<title>Recursos - Montessori Del Bosque<\/title>\n<meta name=\"robots\" content=\"index, follow, max-snippet:-1, max-image-preview:large, max-video-preview:-1\" \/>\n<link rel=\"canonical\" href=\"https:\/\/montessoridelbosque.com\/en\/recursos\/\" \/>\n<meta property=\"og:locale\" content=\"es_MX\" \/>\n<meta property=\"og:type\" content=\"article\" \/>\n<meta property=\"og:title\" content=\"Recursos - Montessori Del Bosque\" \/>\n<meta property=\"og:description\" content=\"[vc_row css_animation=&#8221;&#8221; row_type=&#8221;row&#8221; use_row_as_full_screen_section=&#8221;no&#8221; type=&#8221;full_width&#8221; angled_section=&#8221;no&#8221; text_align=&#8221;left&#8221; background_image_as_pattern=&#8221;without_pattern&#8221;][vc_column][vc_column_text] Avisos\u00a0|\u00a0Calendario\u00a0|\u00a0Men\u00fa\u00a0|\u00a0Bolet\u00edn\u00a0|\u00a0Galer\u00eda\u00a0|\u00a0Recursos [\/vc_column_text][vc_separator type=&#8221;normal&#8221; up=&#8221;10&#8243; down=&#8221;10&#8243;][\/vc_column][\/vc_row][vc_row css_animation=&#8221;&#8221; row_type=&#8221;row&#8221; use_row_as_full_screen_section=&#8221;no&#8221; type=&#8221;grid&#8221; angled_section=&#8221;no&#8221; text_align=&#8221;center&#8221; background_image_as_pattern=&#8221;without_pattern&#8221;][vc_column width=&#8221;1\/6&#8243;][\/vc_column][vc_column width=&#8221;2\/3&#8243;][vc_empty_space height=&#8221;20&#8243;][vc_column_text] Recursos [\/vc_column_text][vc_empty_space height=&#8221;10&#8243;][vc_column_text] ALIMENTACI\u00d3N Algunos padres nos han comentado que les gustar\u00eda saber m\u00e1s sobre la alimetaci\u00f3n de sus peque\u00f1os en la...\" \/>\n<meta property=\"og:url\" content=\"https:\/\/montessoridelbosque.com\/en\/recursos\/\" \/>\n<meta property=\"og:site_name\" content=\"Montessori Del Bosque\" \/>\n<meta property=\"article:modified_time\" content=\"2018-09-12T14:49:35+00:00\" \/>\n<meta name=\"twitter:card\" content=\"summary_large_image\" \/>\n<meta name=\"twitter:label1\" content=\"Tiempo de lectura\" \/>\n\t<meta name=\"twitter:data1\" content=\"1 minuto\" \/>\n<script type=\"application\/ld+json\" class=\"yoast-schema-graph\">{\"@context\":\"https:\/\/schema.org\",\"@graph\":[{\"@type\":\"WebPage\",\"@id\":\"https:\/\/montessoridelbosque.com\/en\/recursos\/\",\"url\":\"https:\/\/montessoridelbosque.com\/en\/recursos\/\",\"name\":\"Recursos - Montessori Del Bosque\",\"isPartOf\":{\"@id\":\"https:\/\/montessoridelbosque.com\/en\/#website\"},\"datePublished\":\"2017-07-04T21:25:33+00:00\",\"dateModified\":\"2018-09-12T14:49:35+00:00\",\"breadcrumb\":{\"@id\":\"https:\/\/montessoridelbosque.com\/en\/recursos\/#breadcrumb\"},\"inLanguage\":\"es\",\"potentialAction\":[{\"@type\":\"ReadAction\",\"target\":[\"https:\/\/montessoridelbosque.com\/en\/recursos\/\"]}]},{\"@type\":\"BreadcrumbList\",\"@id\":\"https:\/\/montessoridelbosque.com\/en\/recursos\/#breadcrumb\",\"itemListElement\":[{\"@type\":\"ListItem\",\"position\":1,\"name\":\"Home\",\"item\":\"https:\/\/montessoridelbosque.com\/en\/\"},{\"@type\":\"ListItem\",\"position\":2,\"name\":\"Recursos\"}]},{\"@type\":\"WebSite\",\"@id\":\"https:\/\/montessoridelbosque.com\/en\/#website\",\"url\":\"https:\/\/montessoridelbosque.com\/en\/\",\"name\":\"Montessori Del Bosque\",\"description\":\"Colegio Montessori\",\"potentialAction\":[{\"@type\":\"SearchAction\",\"target\":{\"@type\":\"EntryPoint\",\"urlTemplate\":\"https:\/\/montessoridelbosque.com\/en\/?s={search_term_string}\"},\"query-input\":{\"@type\":\"PropertyValueSpecification\",\"valueRequired\":true,\"valueName\":\"search_term_string\"}}],\"inLanguage\":\"es\"}]}<\/script>\n<!-- \/ Yoast SEO plugin. -->","yoast_head_json":{"title":"Recursos - Montessori Del Bosque","robots":{"index":"index","follow":"follow","max-snippet":"max-snippet:-1","max-image-preview":"max-image-preview:large","max-video-preview":"max-video-preview:-1"},"canonical":"https:\/\/montessoridelbosque.com\/en\/recursos\/","og_locale":"es_MX","og_type":"article","og_title":"Recursos - Montessori Del Bosque","og_description":"[vc_row css_animation=&#8221;&#8221; row_type=&#8221;row&#8221; use_row_as_full_screen_section=&#8221;no&#8221; type=&#8221;full_width&#8221; angled_section=&#8221;no&#8221; text_align=&#8221;left&#8221; background_image_as_pattern=&#8221;without_pattern&#8221;][vc_column][vc_column_text] Avisos\u00a0|\u00a0Calendario\u00a0|\u00a0Men\u00fa\u00a0|\u00a0Bolet\u00edn\u00a0|\u00a0Galer\u00eda\u00a0|\u00a0Recursos [\/vc_column_text][vc_separator type=&#8221;normal&#8221; up=&#8221;10&#8243; down=&#8221;10&#8243;][\/vc_column][\/vc_row][vc_row css_animation=&#8221;&#8221; row_type=&#8221;row&#8221; use_row_as_full_screen_section=&#8221;no&#8221; type=&#8221;grid&#8221; angled_section=&#8221;no&#8221; text_align=&#8221;center&#8221; background_image_as_pattern=&#8221;without_pattern&#8221;][vc_column width=&#8221;1\/6&#8243;][\/vc_column][vc_column width=&#8221;2\/3&#8243;][vc_empty_space height=&#8221;20&#8243;][vc_column_text] Recursos [\/vc_column_text][vc_empty_space height=&#8221;10&#8243;][vc_column_text] ALIMENTACI\u00d3N Algunos padres nos han comentado que les gustar\u00eda saber m\u00e1s sobre la alimetaci\u00f3n de sus peque\u00f1os en la...","og_url":"https:\/\/montessoridelbosque.com\/en\/recursos\/","og_site_name":"Montessori Del Bosque","article_modified_time":"2018-09-12T14:49:35+00:00","twitter_card":"summary_large_image","twitter_misc":{"Tiempo de lectura":"1 minuto"},"schema":{"@context":"https:\/\/schema.org","@graph":[{"@type":"WebPage","@id":"https:\/\/montessoridelbosque.com\/en\/recursos\/","url":"https:\/\/montessoridelbosque.com\/en\/recursos\/","name":"Recursos - Montessori Del Bosque","isPartOf":{"@id":"https:\/\/montessoridelbosque.com\/en\/#website"},"datePublished":"2017-07-04T21:25:33+00:00","dateModified":"2018-09-12T14:49:35+00:00","breadcrumb":{"@id":"https:\/\/montessoridelbosque.com\/en\/recursos\/#breadcrumb"},"inLanguage":"es","potentialAction":[{"@type":"ReadAction","target":["https:\/\/montessoridelbosque.com\/en\/recursos\/"]}]},{"@type":"BreadcrumbList","@id":"https:\/\/montessoridelbosque.com\/en\/recursos\/#breadcrumb","itemListElement":[{"@type":"ListItem","position":1,"name":"Home","item":"https:\/\/montessoridelbosque.com\/en\/"},{"@type":"ListItem","position":2,"name":"Recursos"}]},{"@type":"WebSite","@id":"https:\/\/montessoridelbosque.com\/en\/#website","url":"https:\/\/montessoridelbosque.com\/en\/","name":"Montessori Del Bosque","description":"Colegio Montessori","potentialAction":[{"@type":"SearchAction","target":{"@type":"EntryPoint","urlTemplate":"https:\/\/montessoridelbosque.com\/en\/?s={search_term_string}"},"query-input":{"@type":"PropertyValueSpecification","valueRequired":true,"valueName":"search_term_string"}}],"inLanguage":"es"}]}},"_links":{"self":[{"href":"https:\/\/montessoridelbosque.com\/en\/wp-json\/wp\/v2\/pages\/300","targetHints":{"allow":["GET"]}}],"collection":[{"href":"https:\/\/montessoridelbosque.com\/en\/wp-json\/wp\/v2\/pages"}],"about":[{"href":"https:\/\/montessoridelbosque.com\/en\/wp-json\/wp\/v2\/types\/page"}],"author":[{"embeddable":true,"href":"https:\/\/montessoridelbosque.com\/en\/wp-json\/wp\/v2\/users\/1"}],"replies":[{"embeddable":true,"href":"https:\/\/montessoridelbosque.com\/en\/wp-json\/wp\/v2\/comments?post=300"}],"version-history":[{"count":4,"href":"https:\/\/montessoridelbosque.com\/en\/wp-json\/wp\/v2\/pages\/300\/revisions"}],"predecessor-version":[{"id":1287,"href":"https:\/\/montessoridelbosque.com\/en\/wp-json\/wp\/v2\/pages\/300\/revisions\/1287"}],"wp:attachment":[{"href":"https:\/\/montessoridelbosque.com\/en\/wp-json\/wp\/v2\/media?parent=300"}],"curies":[{"name":"wp","href":"https:\/\/api.w.org\/{rel}","templated":true}]}}