{"id":285,"date":"2017-07-04T21:03:15","date_gmt":"2017-07-04T21:03:15","guid":{"rendered":"https:\/\/montessoridelbosque.com\/en\/?page_id=285"},"modified":"2020-03-02T17:11:32","modified_gmt":"2020-03-02T17:11:32","slug":"boletin","status":"publish","type":"page","link":"https:\/\/montessoridelbosque.com\/en\/boletin\/","title":{"rendered":"Bolet\u00edn"},"content":{"rendered":"<div class=\"wpb-content-wrapper\"><p>[vc_row css_animation=&#8221;&#8221; row_type=&#8221;row&#8221; use_row_as_full_screen_section=&#8221;no&#8221; type=&#8221;full_width&#8221; angled_section=&#8221;no&#8221; text_align=&#8221;left&#8221; background_image_as_pattern=&#8221;without_pattern&#8221;][vc_column][vc_column_text]<\/p>\n<h2><a href=\"https:\/\/montessoridelbosque.com\/en\/avisos\/\">Avisos<\/a>\u00a0|\u00a0<a href=\"https:\/\/montessoridelbosque.com\/en\/calendario\/\">Calendario\u00a0<\/a>|\u00a0<a href=\"https:\/\/montessoridelbosque.com\/en\/menu\/\">Men\u00fa\u00a0<\/a>|\u00a0<a href=\"https:\/\/montessoridelbosque.com\/en\/boletin\/\"><span style=\"color: #ff0000;\">Bolet\u00edn<\/span>\u00a0<\/a>|\u00a0<a href=\"https:\/\/montessoridelbosque.com\/en\/galeria-2\/\">Galer\u00eda\u00a0<\/a>|\u00a0<a href=\"https:\/\/montessoridelbosque.com\/en\/recursos\/\">Recursos<\/a><\/h2>\n<p>[\/vc_column_text][vc_separator type=&#8221;normal&#8221; up=&#8221;10&#8243; down=&#8221;10&#8243;][\/vc_column][\/vc_row][vc_row css_animation=&#8221;&#8221; row_type=&#8221;row&#8221; use_row_as_full_screen_section=&#8221;no&#8221; type=&#8221;grid&#8221; angled_section=&#8221;no&#8221; text_align=&#8221;left&#8221; background_image_as_pattern=&#8221;without_pattern&#8221;][vc_column][vc_empty_space height=&#8221;20&#8243;][vc_empty_space height=&#8221;10&#8243;][vc_column_text]<strong>\u00a0<\/strong><\/p>\n<p style=\"text-align: center;\"><strong>LA VOZ DEL BOSQUE\u00a0\u00a0\u00a0\u00a0\u00a0\u00a0\u00a0\u00a0\u00a0\u00a0\u00a0\u00a0\u00a0\u00a0\u00a0\u00a0\u00a0\u00a0\u00a0\u00a0\u00a0\u00a0\u00a0\u00a0\u00a0\u00a0\u00a0\u00a0\u00a0\u00a0\u00a0\u00a0\u00a0\u00a0\u00a0\u00a0\u00a0\u00a0\u00a0\u00a0\u00a0\u00a0\u00a0\u00a0\u00a0\u00a0\u00a0\u00a0\u00a0\u00a0\u00a0\u00a0\u00a0\u00a0\u00a0\u00a0\u00a0\u00a0\u00a0\u00a0\u00a0\u00a0\u00a0 \u00a0\u00a0\u00a0\u00a0\u00a0\u00a0\u00a0\u00a0\u00a0\u00a0\u00a0\u00a0\u00a0\u00a0\u00a0\u00a0\u00a0\u00a0\u00a0 <\/strong><\/p>\n<p style=\"text-align: right;\"><strong>MARZO Y ABRIL 2020<\/strong><\/p>\n<p>&nbsp;<\/p>\n<p><em>\u201cLos tiempos han cambiado y la ciencia ha hecho grandes progresos, al igual que nuestro trabajo;<\/em><em>\u00a0pero nuestros principios solo han sido confirmados, y junto con ellos nuestra convicci\u00f3n de que la humanidad puede esperar una soluci\u00f3n a sus problemas, entre los cuales los m\u00e1s urgentes son los de la paz y la unidad, solo dirigiendo su atenci\u00f3n y sus energ\u00edas al descubrimiento del ni\u00f1o y al desarrollo de las grandes potencialidades de la personalidad humana en el curso de su formaci\u00f3n &#8220;<\/em><em>\u200a<\/em><\/p>\n<p style=\"text-align: right;\">Mar\u00eda Montessori 1948<\/p>\n<p><em>&#8220;La educaci\u00f3n no debe limitarse a buscar nuevos m\u00e9todos para una transmisi\u00f3n de conocimientos mayoritariamente \u00e1rida: su objetivo debe ser brindar la ayuda necesaria para el desarrollo de habilidades humanas\u201d<\/em><\/p>\n<p style=\"text-align: right;\">Mar\u00eda Montessori<\/p>\n<p><strong>\u00a0<\/strong><\/p>\n<p style=\"text-align: center;\"><strong>AVISOS<\/strong><\/p>\n<p>&nbsp;<\/p>\n<p><strong>INSCRIPCIONES 2020-2021<\/strong><\/p>\n<p>Agradecemos la confianza de todas las familias que han realizado sus gestiones de reinscripci\u00f3n oportunamente, as\u00ed como a quienes nos notificaron personalmente o por escrito alguna otra situaci\u00f3n, les comunicamos que a partir del mes de marzo iniciamos las inscripciones para ni\u00f1os de nuevo ingreso en todos los niveles, tomando en cuenta el n\u00famero de vacantes disponibles.<\/p>\n<p>&nbsp;<\/p>\n<p><strong>CAMPAMENTO<\/strong><\/p>\n<p>\u00a1Nos vamos de campamento! Del pr\u00f3ximo martes 03 al viernes 06 de marzo, les recordamos que Comunidad Infantil y Casa de Ni\u00f1os asisten a clases de manera habitual considerando los talleres vespertinos.<\/p>\n<p><strong>\u00a0<\/strong><\/p>\n<p><strong>CONVIVENCIA<\/strong><\/p>\n<p>Cada a\u00f1o realizamos el <strong>D\u00eda de la Comunidad del Colegio Montessori del Bosque<\/strong>, con la finalidad de tener un espacio para compartir padres, hijos y personal del Colegio, est\u00e1 programado para el d\u00eda <strong><u>viernes 24 de abril a las 9:00 a.m. <\/u><\/strong><\/p>\n<p>Nuestra convivencia ser\u00e1 en el parque de la \u201cLa Hormiga\u201d\u00a0 (dentro del Bosque de Chapultepec, en la segunda secci\u00f3n, a un costado de\u00a0 Los Pinos).<\/p>\n<p>La entrada es por Av. Constituyentes a la altura del edificio donde se encontraba la Universidad del Valle de M\u00e9xico.<\/p>\n<p>No se pueden estacionar los coches\u00a0 dentro del Bosque de Chapultepec, les recomendamos tomar sus precauciones.<\/p>\n<p>Los ni\u00f1os deber\u00e1n llegar al parque de \u201cLa Hormiga\u201d y retirarse de ella con ustedes. Ese d\u00eda las Gu\u00edas no se pueden hacer cargo de ning\u00fan ni\u00f1o.<\/p>\n<p><strong>\u00a0<\/strong><\/p>\n<p><strong><em>\u00a1Te esperamos con ropa c\u00f3moda y que se pueda manchar!, asimismo recuerda llevar tu canasta con comida\u00a0 para compartir el refrigerio<\/em><\/strong><strong>!<\/strong><\/p>\n<p><strong>\u00a0<\/strong><\/p>\n<p><strong>ACTIVIDAD DE MOVIMIENTO CI Y CN<\/strong><\/p>\n<p>Los invitamos el 3er jueves de cada mes a asistir a una breve actividad de movimiento con sus hijos.<\/p>\n<p>En este mes se llevar\u00e1 a cabo el jueves 19 de marzo en los siguientes horarios:<\/p>\n<p>Comunidad Infantil: 8:45 a 9:00 a.m.<\/p>\n<p>Casa de Ni\u00f1os: 8:15 a 8:30 a.m.<\/p>\n<p>&nbsp;<\/p>\n<p><strong>SALIDA AL MERCADO TALLERES<\/strong><\/p>\n<p>El 3er jueves de cada mes, tres o cuatro ni\u00f1os por ambiente de taller I y taller II salen al mercado \u201cEl Chorrito\u201d en compa\u00f1\u00eda de sus gu\u00edas y personal de apoyo. Este mes salimos <strong>el jueves 19 de marzo<\/strong>. Se avisa con anticipaci\u00f3n a los padres de los ni\u00f1os que les toca realizar esta actividad.<\/p>\n<p><strong>\u00a0<\/strong><\/p>\n<p><strong>PRESENTACIONES DE TRABAJO MONTESSORI EN COMUNIDAD INFANTIL Y CASA DE NI\u00d1OS.<\/strong><\/p>\n<p>Los invitamos el 4to jueves de cada mes a todos los padres de familia interesados en conocer m\u00e1s acerca de la metodolog\u00eda Montessori en los siguientes horarios:<\/p>\n<p>Comunidad infantil A: 10:00 a 10:40<\/p>\n<p>Comunidad infantil B: 10:00 a 10:40<\/p>\n<p>Casa de Ni\u00f1os A: 10:40 a 11:20<\/p>\n<p>Casa de Ni\u00f1os B: 11:20 a 12:00<\/p>\n<p>Este mes la cita es el jueves 26 de marzo.<\/p>\n<p><strong>\u00a0<\/strong><\/p>\n<p><strong>D\u00cdA MOJADO<\/strong><\/p>\n<p>Nuestro d\u00eda mojado est\u00e1 programado para el <strong>Jueves 30 de abril. <\/strong><\/p>\n<p><strong>\u00a0<\/strong><\/p>\n<p><strong>SUSPENSI\u00d3N DE LABORES<\/strong>.<\/p>\n<p>Viernes 13 de marzo \u00a0\u00a0\u00a0\u00a0\u00a0\u00a0 Junta de Consejo T\u00e9cnico Escolar<\/p>\n<p>Lunes 16 de marzo \u00a0\u00a0\u00a0\u00a0\u00a0\u00a0\u00a0\u00a0\u00a0 Natalicio Benito Ju\u00e1rez<\/p>\n<p>&nbsp;<\/p>\n<p>Del 06 al 17 de abril, \u00a0\u00a0\u00a0\u00a0\u00a0\u00a0 Vacaciones de primavera, reanudamos labores lunes 20 de abril.<\/p>\n<p>&nbsp;<\/p>\n<p><strong>\u00a0<\/strong><\/p>\n<p><strong>CAMBIO DE HORARIO<\/strong>.<\/p>\n<p>Les recordamos que en la madrugada del s\u00e1bado 04 al domingo 05 de abril, con motivo del cambio de horario de verano, todos los relojes deber\u00e1n adelantarse una hora.<\/p>\n<p>\u00a1No olvides adelantar el tuyo!<\/p>\n<p>&nbsp;<\/p>\n<p><strong>CUMPLEA\u00d1OS<\/strong><\/p>\n<p><strong>MARZO<\/strong><\/p>\n<table width=\"400\">\n<tbody>\n<tr>\n<td colspan=\"3\" width=\"240\">NOMBRE<\/td>\n<td width=\"80\">AMBIENTE<\/td>\n<td width=\"80\">CUMPLE<\/td>\n<\/tr>\n<tr>\n<td colspan=\"3\">REINA ISABEL SANCHEZ ESCAMILLA<\/td>\n<td>GU\u00cdA TIB<\/td>\n<td>01-mar<\/td>\n<\/tr>\n<tr>\n<td colspan=\"3\">\u00a0VLADIMIR BARRON PETROV<\/td>\n<td>CNB<\/td>\n<td>08-mar<\/td>\n<\/tr>\n<tr>\n<td colspan=\"3\" width=\"240\">JOSUE PELAEZ RODRIGUEZ<\/td>\n<td>CNA<\/td>\n<td>09-mar<\/td>\n<\/tr>\n<tr>\n<td colspan=\"3\" width=\"240\">SANTIAGO ROMERO DURAN<\/td>\n<td>TII<\/td>\n<td>15-mar<\/td>\n<\/tr>\n<tr>\n<td colspan=\"3\" width=\"240\">DEREK ALONSO ARIAS<\/td>\n<td>CNB<\/td>\n<td>21-mar<\/td>\n<\/tr>\n<tr>\n<td colspan=\"3\" width=\"240\">KOZEN KIKO<\/td>\n<td>CNA<\/td>\n<td>27-mar<\/td>\n<\/tr>\n<tr>\n<td colspan=\"3\" width=\"240\">MAT\u00cdAS OLVERA SOTO<\/td>\n<td>CI<\/td>\n<td>28-mar<\/td>\n<\/tr>\n<tr>\n<td colspan=\"3\" width=\"240\">ANDREA GARC\u00cdA FLORES<\/td>\n<td>CNA<\/td>\n<td>29-mar<\/td>\n<\/tr>\n<tr>\n<td colspan=\"3\" width=\"240\">SARA PAULINA GASCA MONTES<\/td>\n<td>TIB<\/td>\n<td>30-mar<\/td>\n<\/tr>\n<\/tbody>\n<\/table>\n<p><strong>ABRIL<\/strong><\/p>\n<table width=\"429\">\n<tbody>\n<tr>\n<td colspan=\"3\" width=\"269\">NOMBRE<\/td>\n<td width=\"80\">AMBIENTE<\/td>\n<td width=\"80\">CUMPLE<\/td>\n<\/tr>\n<tr>\n<td colspan=\"3\">EMILIANO S\u00c1NCHEZ MUJICA BALLESTEROS<\/td>\n<td>CNB<\/td>\n<td>07-abr<\/td>\n<\/tr>\n<tr>\n<td colspan=\"3\">TRECE POLO VELAZQUEZ<\/td>\n<td>TIB<\/td>\n<td>07-abr<\/td>\n<\/tr>\n<tr>\n<td colspan=\"3\" width=\"269\">SONIA SALDA\u00d1A<\/td>\n<td>GU\u00cdA TII<\/td>\n<td>12-abr<\/td>\n<\/tr>\n<tr>\n<td colspan=\"3\" width=\"269\">ARANZA OLVERA ZAMORA<\/td>\n<td>TIB<\/td>\n<td>20-abr<\/td>\n<\/tr>\n<tr>\n<td colspan=\"3\" width=\"269\">MARISELA GERMAN<\/td>\n<td>GU\u00cdA CNA<\/td>\n<td>21-abr<\/td>\n<\/tr>\n<tr>\n<td colspan=\"3\" width=\"269\">I\u00d1AKI VAZQUEZ REYES<\/td>\n<td>CNA<\/td>\n<td>22-abr<\/td>\n<\/tr>\n<tr>\n<td colspan=\"3\" width=\"269\">MATEO TELLO ALMEIDA<\/td>\n<td>TIA<\/td>\n<td>26-abr<\/td>\n<\/tr>\n<tr>\n<td colspan=\"3\" width=\"269\">MARIA FERNANDA CRISANTOS AGUILAR<\/td>\n<td>TIB<\/td>\n<td>26-abr<\/td>\n<\/tr>\n<tr>\n<td colspan=\"3\" width=\"269\">LORENZA VALENTINA GALVAN CHAVEZ<\/td>\n<td>CI<\/td>\n<td>29-abr<\/td>\n<\/tr>\n<tr>\n<td colspan=\"3\" width=\"269\">ELIZABETH ALDAMA<\/td>\n<td>GU\u00cdA TIA<\/td>\n<td>30-abr<\/td>\n<\/tr>\n<\/tbody>\n<\/table>\n<p>&nbsp;<\/p>\n<p>&nbsp;<\/p>\n<p>Puedes descargar el bolet\u00edn dando clic en el siguiente enlace:<\/p>\n<p><a href=\"https:\/\/montessoridelbosque.com\/en\/wp-content\/uploads\/2020\/03\/BOLETIN-Marzo-y-Abril-2020-FINAL.pdf\"><strong>Bolet\u00edn MARZO y ABRIL 2020.<\/strong><\/a><\/p>\n<p>&nbsp;<\/p>\n<p>&nbsp;<\/p>\n<p><strong>Colegio Montessori del Bosque<\/strong><\/p>\n<p><strong>Tiburcio Montiel 25 A<\/strong><\/p>\n<p><strong>Col. San Miguel de Chapultepec<\/strong><\/p>\n<p><strong>Ciudad de M\u00e9xico 11850<\/strong><\/p>\n<p><strong>(5255) 55 15 15 34<\/strong><\/p>\n<p>&nbsp;<\/p>\n<p>&nbsp;<\/p>\n<p><strong><a href=\"https:\/\/montessoridelbosque.com\/en\/\">https:\/\/montessoridelbosque.com\/en<\/a><\/strong><\/p>\n<p><strong><a href=\"https:\/\/www.facebook.com\/colegiomontessoridelbosque\">https:\/\/www.facebook.com\/colegiomontessoridelbosque<\/a><\/strong><\/p>\n<p><strong><a href=\"https:\/\/twitter.com\/montessoridelb\">https:\/\/twitter.com\/montessoridelb<\/a><\/strong><\/p>\n<p><a href=\"https:\/\/www.instagram.com\/delbosquemontessori\"><strong>https:\/\/www.instagram.com\/delbosquemontessori<\/strong><\/a>[\/vc_column_text][vc_empty_space height=&#8221;20&#8243;][vc_single_image image=&#8221;56&#8243; img_size=&#8221;full&#8221; alignment=&#8221;center&#8221; qode_css_animation=&#8221;&#8221;][vc_empty_space height=&#8221;20&#8243;][\/vc_column][\/vc_row]<\/p>\n<\/div>","protected":false},"excerpt":{"rendered":"<p>[vc_row css_animation=&#8221;&#8221; row_type=&#8221;row&#8221; use_row_as_full_screen_section=&#8221;no&#8221; type=&#8221;full_width&#8221; angled_section=&#8221;no&#8221; text_align=&#8221;left&#8221; background_image_as_pattern=&#8221;without_pattern&#8221;][vc_column][vc_column_text] Avisos\u00a0|\u00a0Calendario\u00a0|\u00a0Men\u00fa\u00a0|\u00a0Bolet\u00edn\u00a0|\u00a0Galer\u00eda\u00a0|\u00a0Recursos [\/vc_column_text][vc_separator type=&#8221;normal&#8221; up=&#8221;10&#8243; down=&#8221;10&#8243;][\/vc_column][\/vc_row][vc_row css_animation=&#8221;&#8221; row_type=&#8221;row&#8221; use_row_as_full_screen_section=&#8221;no&#8221; type=&#8221;grid&#8221; angled_section=&#8221;no&#8221; text_align=&#8221;left&#8221; background_image_as_pattern=&#8221;without_pattern&#8221;][vc_column][vc_empty_space height=&#8221;20&#8243;][vc_empty_space height=&#8221;10&#8243;][vc_column_text]\u00a0 LA VOZ DEL BOSQUE\u00a0\u00a0\u00a0\u00a0\u00a0\u00a0\u00a0\u00a0\u00a0\u00a0\u00a0\u00a0\u00a0\u00a0\u00a0\u00a0\u00a0\u00a0\u00a0\u00a0\u00a0\u00a0\u00a0\u00a0\u00a0\u00a0\u00a0\u00a0\u00a0\u00a0\u00a0\u00a0\u00a0\u00a0\u00a0\u00a0\u00a0\u00a0\u00a0\u00a0\u00a0\u00a0\u00a0\u00a0\u00a0\u00a0\u00a0\u00a0\u00a0\u00a0\u00a0\u00a0\u00a0\u00a0\u00a0\u00a0\u00a0\u00a0\u00a0\u00a0\u00a0\u00a0\u00a0 \u00a0\u00a0\u00a0\u00a0\u00a0\u00a0\u00a0\u00a0\u00a0\u00a0\u00a0\u00a0\u00a0\u00a0\u00a0\u00a0\u00a0\u00a0\u00a0 MARZO Y ABRIL 2020 &nbsp; \u201cLos tiempos han cambiado y la ciencia ha hecho grandes progresos, al igual&#8230;<\/p>\n","protected":false},"author":1,"featured_media":0,"parent":0,"menu_order":0,"comment_status":"closed","ping_status":"closed","template":"","meta":{"footnotes":""},"class_list":["post-285","page","type-page","status-publish","hentry"],"yoast_head":"<!-- This site is optimized with the Yoast SEO plugin v27.2 - https:\/\/yoast.com\/product\/yoast-seo-wordpress\/ -->\n<title>Bolet\u00edn - Montessori Del Bosque<\/title>\n<meta name=\"robots\" content=\"index, follow, max-snippet:-1, max-image-preview:large, max-video-preview:-1\" \/>\n<link rel=\"canonical\" href=\"https:\/\/montessoridelbosque.com\/en\/boletin\/\" \/>\n<meta property=\"og:locale\" content=\"es_MX\" \/>\n<meta property=\"og:type\" content=\"article\" \/>\n<meta property=\"og:title\" content=\"Bolet\u00edn - Montessori Del Bosque\" \/>\n<meta property=\"og:description\" content=\"[vc_row css_animation=&#8221;&#8221; row_type=&#8221;row&#8221; use_row_as_full_screen_section=&#8221;no&#8221; type=&#8221;full_width&#8221; angled_section=&#8221;no&#8221; text_align=&#8221;left&#8221; background_image_as_pattern=&#8221;without_pattern&#8221;][vc_column][vc_column_text] Avisos\u00a0|\u00a0Calendario\u00a0|\u00a0Men\u00fa\u00a0|\u00a0Bolet\u00edn\u00a0|\u00a0Galer\u00eda\u00a0|\u00a0Recursos [\/vc_column_text][vc_separator type=&#8221;normal&#8221; up=&#8221;10&#8243; down=&#8221;10&#8243;][\/vc_column][\/vc_row][vc_row css_animation=&#8221;&#8221; row_type=&#8221;row&#8221; use_row_as_full_screen_section=&#8221;no&#8221; type=&#8221;grid&#8221; angled_section=&#8221;no&#8221; text_align=&#8221;left&#8221; background_image_as_pattern=&#8221;without_pattern&#8221;][vc_column][vc_empty_space height=&#8221;20&#8243;][vc_empty_space height=&#8221;10&#8243;][vc_column_text]\u00a0 LA VOZ DEL BOSQUE\u00a0\u00a0\u00a0\u00a0\u00a0\u00a0\u00a0\u00a0\u00a0\u00a0\u00a0\u00a0\u00a0\u00a0\u00a0\u00a0\u00a0\u00a0\u00a0\u00a0\u00a0\u00a0\u00a0\u00a0\u00a0\u00a0\u00a0\u00a0\u00a0\u00a0\u00a0\u00a0\u00a0\u00a0\u00a0\u00a0\u00a0\u00a0\u00a0\u00a0\u00a0\u00a0\u00a0\u00a0\u00a0\u00a0\u00a0\u00a0\u00a0\u00a0\u00a0\u00a0\u00a0\u00a0\u00a0\u00a0\u00a0\u00a0\u00a0\u00a0\u00a0\u00a0\u00a0 \u00a0\u00a0\u00a0\u00a0\u00a0\u00a0\u00a0\u00a0\u00a0\u00a0\u00a0\u00a0\u00a0\u00a0\u00a0\u00a0\u00a0\u00a0\u00a0 MARZO Y ABRIL 2020 &nbsp; \u201cLos tiempos han cambiado y la ciencia ha hecho grandes progresos, al igual...\" \/>\n<meta property=\"og:url\" content=\"https:\/\/montessoridelbosque.com\/en\/boletin\/\" \/>\n<meta property=\"og:site_name\" content=\"Montessori Del Bosque\" \/>\n<meta property=\"article:modified_time\" content=\"2020-03-02T17:11:32+00:00\" \/>\n<meta name=\"twitter:card\" content=\"summary_large_image\" \/>\n<meta name=\"twitter:label1\" content=\"Tiempo de lectura\" \/>\n\t<meta name=\"twitter:data1\" content=\"5 minutos\" \/>\n<script type=\"application\/ld+json\" class=\"yoast-schema-graph\">{\"@context\":\"https:\/\/schema.org\",\"@graph\":[{\"@type\":\"WebPage\",\"@id\":\"https:\/\/montessoridelbosque.com\/en\/boletin\/\",\"url\":\"https:\/\/montessoridelbosque.com\/en\/boletin\/\",\"name\":\"Bolet\u00edn - Montessori Del Bosque\",\"isPartOf\":{\"@id\":\"https:\/\/montessoridelbosque.com\/en\/#website\"},\"datePublished\":\"2017-07-04T21:03:15+00:00\",\"dateModified\":\"2020-03-02T17:11:32+00:00\",\"breadcrumb\":{\"@id\":\"https:\/\/montessoridelbosque.com\/en\/boletin\/#breadcrumb\"},\"inLanguage\":\"es\",\"potentialAction\":[{\"@type\":\"ReadAction\",\"target\":[\"https:\/\/montessoridelbosque.com\/en\/boletin\/\"]}]},{\"@type\":\"BreadcrumbList\",\"@id\":\"https:\/\/montessoridelbosque.com\/en\/boletin\/#breadcrumb\",\"itemListElement\":[{\"@type\":\"ListItem\",\"position\":1,\"name\":\"Home\",\"item\":\"https:\/\/montessoridelbosque.com\/en\/\"},{\"@type\":\"ListItem\",\"position\":2,\"name\":\"Bolet\u00edn\"}]},{\"@type\":\"WebSite\",\"@id\":\"https:\/\/montessoridelbosque.com\/en\/#website\",\"url\":\"https:\/\/montessoridelbosque.com\/en\/\",\"name\":\"Montessori Del Bosque\",\"description\":\"Colegio Montessori\",\"potentialAction\":[{\"@type\":\"SearchAction\",\"target\":{\"@type\":\"EntryPoint\",\"urlTemplate\":\"https:\/\/montessoridelbosque.com\/en\/?s={search_term_string}\"},\"query-input\":{\"@type\":\"PropertyValueSpecification\",\"valueRequired\":true,\"valueName\":\"search_term_string\"}}],\"inLanguage\":\"es\"}]}<\/script>\n<!-- \/ Yoast SEO plugin. -->","yoast_head_json":{"title":"Bolet\u00edn - Montessori Del Bosque","robots":{"index":"index","follow":"follow","max-snippet":"max-snippet:-1","max-image-preview":"max-image-preview:large","max-video-preview":"max-video-preview:-1"},"canonical":"https:\/\/montessoridelbosque.com\/en\/boletin\/","og_locale":"es_MX","og_type":"article","og_title":"Bolet\u00edn - Montessori Del Bosque","og_description":"[vc_row css_animation=&#8221;&#8221; row_type=&#8221;row&#8221; use_row_as_full_screen_section=&#8221;no&#8221; type=&#8221;full_width&#8221; angled_section=&#8221;no&#8221; text_align=&#8221;left&#8221; background_image_as_pattern=&#8221;without_pattern&#8221;][vc_column][vc_column_text] Avisos\u00a0|\u00a0Calendario\u00a0|\u00a0Men\u00fa\u00a0|\u00a0Bolet\u00edn\u00a0|\u00a0Galer\u00eda\u00a0|\u00a0Recursos [\/vc_column_text][vc_separator type=&#8221;normal&#8221; up=&#8221;10&#8243; down=&#8221;10&#8243;][\/vc_column][\/vc_row][vc_row css_animation=&#8221;&#8221; row_type=&#8221;row&#8221; use_row_as_full_screen_section=&#8221;no&#8221; type=&#8221;grid&#8221; angled_section=&#8221;no&#8221; text_align=&#8221;left&#8221; background_image_as_pattern=&#8221;without_pattern&#8221;][vc_column][vc_empty_space height=&#8221;20&#8243;][vc_empty_space height=&#8221;10&#8243;][vc_column_text]\u00a0 LA VOZ DEL BOSQUE\u00a0\u00a0\u00a0\u00a0\u00a0\u00a0\u00a0\u00a0\u00a0\u00a0\u00a0\u00a0\u00a0\u00a0\u00a0\u00a0\u00a0\u00a0\u00a0\u00a0\u00a0\u00a0\u00a0\u00a0\u00a0\u00a0\u00a0\u00a0\u00a0\u00a0\u00a0\u00a0\u00a0\u00a0\u00a0\u00a0\u00a0\u00a0\u00a0\u00a0\u00a0\u00a0\u00a0\u00a0\u00a0\u00a0\u00a0\u00a0\u00a0\u00a0\u00a0\u00a0\u00a0\u00a0\u00a0\u00a0\u00a0\u00a0\u00a0\u00a0\u00a0\u00a0\u00a0 \u00a0\u00a0\u00a0\u00a0\u00a0\u00a0\u00a0\u00a0\u00a0\u00a0\u00a0\u00a0\u00a0\u00a0\u00a0\u00a0\u00a0\u00a0\u00a0 MARZO Y ABRIL 2020 &nbsp; \u201cLos tiempos han cambiado y la ciencia ha hecho grandes progresos, al igual...","og_url":"https:\/\/montessoridelbosque.com\/en\/boletin\/","og_site_name":"Montessori Del Bosque","article_modified_time":"2020-03-02T17:11:32+00:00","twitter_card":"summary_large_image","twitter_misc":{"Tiempo de lectura":"5 minutos"},"schema":{"@context":"https:\/\/schema.org","@graph":[{"@type":"WebPage","@id":"https:\/\/montessoridelbosque.com\/en\/boletin\/","url":"https:\/\/montessoridelbosque.com\/en\/boletin\/","name":"Bolet\u00edn - Montessori Del Bosque","isPartOf":{"@id":"https:\/\/montessoridelbosque.com\/en\/#website"},"datePublished":"2017-07-04T21:03:15+00:00","dateModified":"2020-03-02T17:11:32+00:00","breadcrumb":{"@id":"https:\/\/montessoridelbosque.com\/en\/boletin\/#breadcrumb"},"inLanguage":"es","potentialAction":[{"@type":"ReadAction","target":["https:\/\/montessoridelbosque.com\/en\/boletin\/"]}]},{"@type":"BreadcrumbList","@id":"https:\/\/montessoridelbosque.com\/en\/boletin\/#breadcrumb","itemListElement":[{"@type":"ListItem","position":1,"name":"Home","item":"https:\/\/montessoridelbosque.com\/en\/"},{"@type":"ListItem","position":2,"name":"Bolet\u00edn"}]},{"@type":"WebSite","@id":"https:\/\/montessoridelbosque.com\/en\/#website","url":"https:\/\/montessoridelbosque.com\/en\/","name":"Montessori Del Bosque","description":"Colegio Montessori","potentialAction":[{"@type":"SearchAction","target":{"@type":"EntryPoint","urlTemplate":"https:\/\/montessoridelbosque.com\/en\/?s={search_term_string}"},"query-input":{"@type":"PropertyValueSpecification","valueRequired":true,"valueName":"search_term_string"}}],"inLanguage":"es"}]}},"_links":{"self":[{"href":"https:\/\/montessoridelbosque.com\/en\/wp-json\/wp\/v2\/pages\/285","targetHints":{"allow":["GET"]}}],"collection":[{"href":"https:\/\/montessoridelbosque.com\/en\/wp-json\/wp\/v2\/pages"}],"about":[{"href":"https:\/\/montessoridelbosque.com\/en\/wp-json\/wp\/v2\/types\/page"}],"author":[{"embeddable":true,"href":"https:\/\/montessoridelbosque.com\/en\/wp-json\/wp\/v2\/users\/1"}],"replies":[{"embeddable":true,"href":"https:\/\/montessoridelbosque.com\/en\/wp-json\/wp\/v2\/comments?post=285"}],"version-history":[{"count":63,"href":"https:\/\/montessoridelbosque.com\/en\/wp-json\/wp\/v2\/pages\/285\/revisions"}],"predecessor-version":[{"id":3645,"href":"https:\/\/montessoridelbosque.com\/en\/wp-json\/wp\/v2\/pages\/285\/revisions\/3645"}],"wp:attachment":[{"href":"https:\/\/montessoridelbosque.com\/en\/wp-json\/wp\/v2\/media?parent=285"}],"curies":[{"name":"wp","href":"https:\/\/api.w.org\/{rel}","templated":true}]}}