{"id":279,"date":"2017-07-04T20:54:14","date_gmt":"2017-07-04T20:54:14","guid":{"rendered":"https:\/\/montessoridelbosque.com\/en\/?page_id=279"},"modified":"2020-02-28T20:32:20","modified_gmt":"2020-02-28T20:32:20","slug":"menu","status":"publish","type":"page","link":"https:\/\/montessoridelbosque.com\/en\/menu\/","title":{"rendered":"Men\u00fa"},"content":{"rendered":"<div class=\"wpb-content-wrapper\"><p>[vc_row css_animation=&#8221;&#8221; row_type=&#8221;row&#8221; use_row_as_full_screen_section=&#8221;no&#8221; type=&#8221;full_width&#8221; angled_section=&#8221;no&#8221; text_align=&#8221;left&#8221; background_image_as_pattern=&#8221;without_pattern&#8221;][vc_column][vc_column_text]<\/p>\n<h2><a href=\"https:\/\/montessoridelbosque.com\/en\/avisos\/\">Avisos<\/a>\u00a0|\u00a0<a href=\"https:\/\/montessoridelbosque.com\/en\/calendario\/\">Calendario\u00a0<\/a>|\u00a0<a href=\"https:\/\/montessoridelbosque.com\/en\/menu\/\"><span style=\"color: #ff0000;\">Men\u00fa<\/span>\u00a0<\/a>|\u00a0<a href=\"https:\/\/montessoridelbosque.com\/en\/boletin\/\">Bolet\u00edn\u00a0<\/a>|\u00a0<a href=\"https:\/\/montessoridelbosque.com\/en\/galeria-2\/\">Galer\u00eda\u00a0<\/a>|\u00a0<a href=\"https:\/\/montessoridelbosque.com\/en\/recursos\/\">Recursos<\/a><\/h2>\n<p>[\/vc_column_text][vc_separator type=&#8221;normal&#8221; up=&#8221;10&#8243; down=&#8221;10&#8243;][vc_column_text]<\/p>\n<h1 style=\"text-align: center;\">Men\u00fa<\/h1>\n<p>[\/vc_column_text][\/vc_column][\/vc_row][vc_row css_animation=&#8221;&#8221; row_type=&#8221;row&#8221; use_row_as_full_screen_section=&#8221;no&#8221; type=&#8221;grid&#8221; angled_section=&#8221;no&#8221; text_align=&#8221;left&#8221; background_image_as_pattern=&#8221;without_pattern&#8221;][vc_column width=&#8221;1\/4&#8243;][\/vc_column][\/vc_row][vc_row css_animation=&#8221;&#8221; row_type=&#8221;row&#8221; use_row_as_full_screen_section=&#8221;no&#8221; type=&#8221;full_width&#8221; angled_section=&#8221;no&#8221; text_align=&#8221;left&#8221; background_image_as_pattern=&#8221;without_pattern&#8221;][vc_column][vc_column_text][\/vc_column_text][vc_column_text]Estimados padres de familia,<\/p>\n<p>Aqu\u00ed tienen a su disposici\u00f3n los men\u00fas en formato PDF para que ustedes puedan descargar en sus computadoras o celulares e imprimir si as\u00ed lo desea. Se integra tambi\u00e9n la parte de flores y fruta de cada ambiente.<\/p>\n<p>Pueden acceder a cada uno de ellos seleccionando los siguientes enlaces. Gracias.<\/p>\n<p>Compartimos los men\u00faes del mes de MARZO 2020:<\/p>\n<ul>\n<li><a href=\"https:\/\/montessoridelbosque.com\/en\/wp-content\/uploads\/2020\/02\/COMUNIDAD-MARZO.pdf\"><strong>Men\u00fa MARZO <\/strong><strong>Comunidad Infantil<\/strong><\/a>.<\/li>\n<li><a href=\"https:\/\/montessoridelbosque.com\/en\/wp-content\/uploads\/2020\/02\/CNA-MARZO.pdf\"><strong>Men\u00fa MARZO Casa de Ni\u00f1os A.<\/strong><\/a><\/li>\n<li><a href=\"https:\/\/montessoridelbosque.com\/en\/wp-content\/uploads\/2020\/02\/CNB-MARZO.pdf\"><strong>Men\u00fa MARZO Casa de Ni\u00f1os B.<\/strong><\/a><\/li>\n<\/ul>\n<p>&nbsp;<\/p>\n<p>Incluimos las recetas de la Lic. Lorenza Gentry:<\/p>\n<p><strong><a href=\"https:\/\/montessoridelbosque.com\/en\/wp-content\/uploads\/2020\/02\/LUNCHES-SALUDABLES-MARZO-PDF.pdf\">Recetas MARZO 2020.<\/a><\/strong><\/p>\n<p>&nbsp;<\/p>\n<p>Y aqu\u00ed los de talleres vespertinos:<\/p>\n<ul>\n<li><strong><a href=\"https:\/\/montessoridelbosque.com\/en\/wp-content\/uploads\/2020\/02\/VESPERTINO-MARZO.pdf\">Men\u00fa VESPERTINO MARZO 2020.<\/a><\/strong><\/li>\n<\/ul>\n<p>&nbsp;<\/p>\n<p>Les compartimos tambi\u00e9n el archivo para alumnos de TALLER I y II sobre lo que cocinar\u00e1n los viernes del mes.<\/p>\n<ul>\n<li><strong><a href=\"https:\/\/montessoridelbosque.com\/en\/wp-content\/uploads\/2020\/02\/RECETAS-VIERNES-MARZO.pdf\">Men\u00fa VIERNES MARZO Taller I y II<\/a><\/strong><\/li>\n<\/ul>\n<p>[\/vc_column_text][\/vc_column][\/vc_row][vc_row css_animation=&#8221;&#8221; row_type=&#8221;row&#8221; use_row_as_full_screen_section=&#8221;no&#8221; type=&#8221;full_width&#8221; angled_section=&#8221;no&#8221; text_align=&#8221;left&#8221; background_image_as_pattern=&#8221;without_pattern&#8221;][vc_column][vc_column_text]Si necesitan cualquier aclaraci\u00f3n no duden en consultarnos.<\/p>\n<p>&nbsp;<\/p>\n<p>&nbsp;<\/p>\n<p>[\/vc_column_text][\/vc_column][\/vc_row]<\/p>\n<\/div>","protected":false},"excerpt":{"rendered":"<p>[vc_row css_animation=&#8221;&#8221; row_type=&#8221;row&#8221; use_row_as_full_screen_section=&#8221;no&#8221; type=&#8221;full_width&#8221; angled_section=&#8221;no&#8221; text_align=&#8221;left&#8221; background_image_as_pattern=&#8221;without_pattern&#8221;][vc_column][vc_column_text] Avisos\u00a0|\u00a0Calendario\u00a0|\u00a0Men\u00fa\u00a0|\u00a0Bolet\u00edn\u00a0|\u00a0Galer\u00eda\u00a0|\u00a0Recursos [\/vc_column_text][vc_separator type=&#8221;normal&#8221; up=&#8221;10&#8243; down=&#8221;10&#8243;][vc_column_text] Men\u00fa [\/vc_column_text][\/vc_column][\/vc_row][vc_row css_animation=&#8221;&#8221; row_type=&#8221;row&#8221; use_row_as_full_screen_section=&#8221;no&#8221; type=&#8221;grid&#8221; angled_section=&#8221;no&#8221; text_align=&#8221;left&#8221; background_image_as_pattern=&#8221;without_pattern&#8221;][vc_column width=&#8221;1\/4&#8243;][\/vc_column][\/vc_row][vc_row css_animation=&#8221;&#8221; row_type=&#8221;row&#8221; use_row_as_full_screen_section=&#8221;no&#8221; type=&#8221;full_width&#8221; angled_section=&#8221;no&#8221; text_align=&#8221;left&#8221; background_image_as_pattern=&#8221;without_pattern&#8221;][vc_column][vc_column_text][\/vc_column_text][vc_column_text]Estimados padres de familia, Aqu\u00ed tienen a su disposici\u00f3n los men\u00fas en formato PDF para que&#8230;<\/p>\n","protected":false},"author":1,"featured_media":0,"parent":0,"menu_order":0,"comment_status":"closed","ping_status":"closed","template":"","meta":{"footnotes":""},"class_list":["post-279","page","type-page","status-publish","hentry"],"yoast_head":"<!-- This site is optimized with the Yoast SEO plugin v27.2 - https:\/\/yoast.com\/product\/yoast-seo-wordpress\/ -->\n<title>Men\u00fa - Montessori Del Bosque<\/title>\n<meta name=\"robots\" content=\"index, follow, max-snippet:-1, max-image-preview:large, max-video-preview:-1\" \/>\n<link rel=\"canonical\" href=\"https:\/\/montessoridelbosque.com\/en\/menu\/\" \/>\n<meta property=\"og:locale\" content=\"es_MX\" \/>\n<meta property=\"og:type\" content=\"article\" \/>\n<meta property=\"og:title\" content=\"Men\u00fa - Montessori Del Bosque\" \/>\n<meta property=\"og:description\" content=\"[vc_row css_animation=&#8221;&#8221; row_type=&#8221;row&#8221; use_row_as_full_screen_section=&#8221;no&#8221; type=&#8221;full_width&#8221; angled_section=&#8221;no&#8221; text_align=&#8221;left&#8221; background_image_as_pattern=&#8221;without_pattern&#8221;][vc_column][vc_column_text] Avisos\u00a0|\u00a0Calendario\u00a0|\u00a0Men\u00fa\u00a0|\u00a0Bolet\u00edn\u00a0|\u00a0Galer\u00eda\u00a0|\u00a0Recursos [\/vc_column_text][vc_separator type=&#8221;normal&#8221; up=&#8221;10&#8243; down=&#8221;10&#8243;][vc_column_text] Men\u00fa [\/vc_column_text][\/vc_column][\/vc_row][vc_row css_animation=&#8221;&#8221; row_type=&#8221;row&#8221; use_row_as_full_screen_section=&#8221;no&#8221; type=&#8221;grid&#8221; angled_section=&#8221;no&#8221; text_align=&#8221;left&#8221; background_image_as_pattern=&#8221;without_pattern&#8221;][vc_column width=&#8221;1\/4&#8243;][\/vc_column][\/vc_row][vc_row css_animation=&#8221;&#8221; row_type=&#8221;row&#8221; use_row_as_full_screen_section=&#8221;no&#8221; type=&#8221;full_width&#8221; angled_section=&#8221;no&#8221; text_align=&#8221;left&#8221; background_image_as_pattern=&#8221;without_pattern&#8221;][vc_column][vc_column_text][\/vc_column_text][vc_column_text]Estimados padres de familia, Aqu\u00ed tienen a su disposici\u00f3n los men\u00fas en formato PDF para que...\" \/>\n<meta property=\"og:url\" content=\"https:\/\/montessoridelbosque.com\/en\/menu\/\" \/>\n<meta property=\"og:site_name\" content=\"Montessori Del Bosque\" \/>\n<meta property=\"article:modified_time\" content=\"2020-02-28T20:32:20+00:00\" \/>\n<meta name=\"twitter:card\" content=\"summary_large_image\" \/>\n<meta name=\"twitter:label1\" content=\"Tiempo de lectura\" \/>\n\t<meta name=\"twitter:data1\" content=\"2 minutos\" \/>\n<script type=\"application\/ld+json\" class=\"yoast-schema-graph\">{\"@context\":\"https:\/\/schema.org\",\"@graph\":[{\"@type\":\"WebPage\",\"@id\":\"https:\/\/montessoridelbosque.com\/en\/menu\/\",\"url\":\"https:\/\/montessoridelbosque.com\/en\/menu\/\",\"name\":\"Men\u00fa - Montessori Del Bosque\",\"isPartOf\":{\"@id\":\"https:\/\/montessoridelbosque.com\/en\/#website\"},\"datePublished\":\"2017-07-04T20:54:14+00:00\",\"dateModified\":\"2020-02-28T20:32:20+00:00\",\"breadcrumb\":{\"@id\":\"https:\/\/montessoridelbosque.com\/en\/menu\/#breadcrumb\"},\"inLanguage\":\"es\",\"potentialAction\":[{\"@type\":\"ReadAction\",\"target\":[\"https:\/\/montessoridelbosque.com\/en\/menu\/\"]}]},{\"@type\":\"BreadcrumbList\",\"@id\":\"https:\/\/montessoridelbosque.com\/en\/menu\/#breadcrumb\",\"itemListElement\":[{\"@type\":\"ListItem\",\"position\":1,\"name\":\"Home\",\"item\":\"https:\/\/montessoridelbosque.com\/en\/\"},{\"@type\":\"ListItem\",\"position\":2,\"name\":\"Men\u00fa\"}]},{\"@type\":\"WebSite\",\"@id\":\"https:\/\/montessoridelbosque.com\/en\/#website\",\"url\":\"https:\/\/montessoridelbosque.com\/en\/\",\"name\":\"Montessori Del Bosque\",\"description\":\"Colegio Montessori\",\"potentialAction\":[{\"@type\":\"SearchAction\",\"target\":{\"@type\":\"EntryPoint\",\"urlTemplate\":\"https:\/\/montessoridelbosque.com\/en\/?s={search_term_string}\"},\"query-input\":{\"@type\":\"PropertyValueSpecification\",\"valueRequired\":true,\"valueName\":\"search_term_string\"}}],\"inLanguage\":\"es\"}]}<\/script>\n<!-- \/ Yoast SEO plugin. -->","yoast_head_json":{"title":"Men\u00fa - Montessori Del Bosque","robots":{"index":"index","follow":"follow","max-snippet":"max-snippet:-1","max-image-preview":"max-image-preview:large","max-video-preview":"max-video-preview:-1"},"canonical":"https:\/\/montessoridelbosque.com\/en\/menu\/","og_locale":"es_MX","og_type":"article","og_title":"Men\u00fa - Montessori Del Bosque","og_description":"[vc_row css_animation=&#8221;&#8221; row_type=&#8221;row&#8221; use_row_as_full_screen_section=&#8221;no&#8221; type=&#8221;full_width&#8221; angled_section=&#8221;no&#8221; text_align=&#8221;left&#8221; background_image_as_pattern=&#8221;without_pattern&#8221;][vc_column][vc_column_text] Avisos\u00a0|\u00a0Calendario\u00a0|\u00a0Men\u00fa\u00a0|\u00a0Bolet\u00edn\u00a0|\u00a0Galer\u00eda\u00a0|\u00a0Recursos [\/vc_column_text][vc_separator type=&#8221;normal&#8221; up=&#8221;10&#8243; down=&#8221;10&#8243;][vc_column_text] Men\u00fa [\/vc_column_text][\/vc_column][\/vc_row][vc_row css_animation=&#8221;&#8221; row_type=&#8221;row&#8221; use_row_as_full_screen_section=&#8221;no&#8221; type=&#8221;grid&#8221; angled_section=&#8221;no&#8221; text_align=&#8221;left&#8221; background_image_as_pattern=&#8221;without_pattern&#8221;][vc_column width=&#8221;1\/4&#8243;][\/vc_column][\/vc_row][vc_row css_animation=&#8221;&#8221; row_type=&#8221;row&#8221; use_row_as_full_screen_section=&#8221;no&#8221; type=&#8221;full_width&#8221; angled_section=&#8221;no&#8221; text_align=&#8221;left&#8221; background_image_as_pattern=&#8221;without_pattern&#8221;][vc_column][vc_column_text][\/vc_column_text][vc_column_text]Estimados padres de familia, Aqu\u00ed tienen a su disposici\u00f3n los men\u00fas en formato PDF para que...","og_url":"https:\/\/montessoridelbosque.com\/en\/menu\/","og_site_name":"Montessori Del Bosque","article_modified_time":"2020-02-28T20:32:20+00:00","twitter_card":"summary_large_image","twitter_misc":{"Tiempo de lectura":"2 minutos"},"schema":{"@context":"https:\/\/schema.org","@graph":[{"@type":"WebPage","@id":"https:\/\/montessoridelbosque.com\/en\/menu\/","url":"https:\/\/montessoridelbosque.com\/en\/menu\/","name":"Men\u00fa - Montessori Del Bosque","isPartOf":{"@id":"https:\/\/montessoridelbosque.com\/en\/#website"},"datePublished":"2017-07-04T20:54:14+00:00","dateModified":"2020-02-28T20:32:20+00:00","breadcrumb":{"@id":"https:\/\/montessoridelbosque.com\/en\/menu\/#breadcrumb"},"inLanguage":"es","potentialAction":[{"@type":"ReadAction","target":["https:\/\/montessoridelbosque.com\/en\/menu\/"]}]},{"@type":"BreadcrumbList","@id":"https:\/\/montessoridelbosque.com\/en\/menu\/#breadcrumb","itemListElement":[{"@type":"ListItem","position":1,"name":"Home","item":"https:\/\/montessoridelbosque.com\/en\/"},{"@type":"ListItem","position":2,"name":"Men\u00fa"}]},{"@type":"WebSite","@id":"https:\/\/montessoridelbosque.com\/en\/#website","url":"https:\/\/montessoridelbosque.com\/en\/","name":"Montessori Del Bosque","description":"Colegio Montessori","potentialAction":[{"@type":"SearchAction","target":{"@type":"EntryPoint","urlTemplate":"https:\/\/montessoridelbosque.com\/en\/?s={search_term_string}"},"query-input":{"@type":"PropertyValueSpecification","valueRequired":true,"valueName":"search_term_string"}}],"inLanguage":"es"}]}},"_links":{"self":[{"href":"https:\/\/montessoridelbosque.com\/en\/wp-json\/wp\/v2\/pages\/279","targetHints":{"allow":["GET"]}}],"collection":[{"href":"https:\/\/montessoridelbosque.com\/en\/wp-json\/wp\/v2\/pages"}],"about":[{"href":"https:\/\/montessoridelbosque.com\/en\/wp-json\/wp\/v2\/types\/page"}],"author":[{"embeddable":true,"href":"https:\/\/montessoridelbosque.com\/en\/wp-json\/wp\/v2\/users\/1"}],"replies":[{"embeddable":true,"href":"https:\/\/montessoridelbosque.com\/en\/wp-json\/wp\/v2\/comments?post=279"}],"version-history":[{"count":80,"href":"https:\/\/montessoridelbosque.com\/en\/wp-json\/wp\/v2\/pages\/279\/revisions"}],"predecessor-version":[{"id":3636,"href":"https:\/\/montessoridelbosque.com\/en\/wp-json\/wp\/v2\/pages\/279\/revisions\/3636"}],"wp:attachment":[{"href":"https:\/\/montessoridelbosque.com\/en\/wp-json\/wp\/v2\/media?parent=279"}],"curies":[{"name":"wp","href":"https:\/\/api.w.org\/{rel}","templated":true}]}}